{"id":735,"date":"2022-01-21T09:16:18","date_gmt":"2022-01-21T09:16:18","guid":{"rendered":"https:\/\/shtheme.org\/demosd\/savoye\/?page_id=735"},"modified":"2025-02-12T09:29:14","modified_gmt":"2025-02-12T08:29:14","slug":"about-us","status":"publish","type":"page","link":"https:\/\/twi.archi\/en\/about-us\/","title":{"rendered":"About Us"},"content":{"rendered":"\t\t<div data-elementor-type=\"wp-page\" data-elementor-id=\"735\" class=\"elementor elementor-735\" data-elementor-settings=\"[]\">\n\t\t\t\t\t\t\t<div class=\"elementor-section-wrap\">\n\t\t\t\t\t\t\t<section class=\"elementor-section elementor-top-section elementor-element elementor-element-fbfb3e6 elementor-section-full_width elementor-section-height-default elementor-section-height-default\" data-id=\"fbfb3e6\" data-element_type=\"section\">\n\t\t\t\t\t\t<div class=\"elementor-container elementor-column-gap-no\">\n\t\t\t\t\t<div class=\"elementor-column elementor-col-100 elementor-top-column elementor-element elementor-element-f0eb17a\" data-id=\"f0eb17a\" data-element_type=\"column\">\n\t\t\t<div class=\"elementor-widget-wrap elementor-element-populated\">\n\t\t\t\t\t\t\t\t<div class=\"elementor-element elementor-element-93b1a33 elementor-align-left elementor-widget elementor-widget-bdevs-banner\" data-id=\"93b1a33\" data-element_type=\"widget\" data-widget_type=\"bdevs-banner.default\">\n\t\t\t\t<div class=\"elementor-widget-container\">\n\t\t\t\t\t\t<div class=\"banner-header section-padding valign bg-img bg-fixed\" data-overlay-dark=\"4\" data-background=\"https:\/\/twi.archi\/wp-content\/uploads\/2022\/08\/ABOUT-US-1.jpg\">\n\t        <div class=\"container\">\n\t            <div class=\"row\">\n\t                <div class=\"col-md-12 text-center caption mt-90\">\n\t                    <h1>About Us<\/h1>\n\t                <\/div>\n\t            <\/div>\n\t        <\/div>\n\t    <\/div>\n\t    <!-- hr -->\n\t    <hr class=\"line-vr-section\">\n\t\t\t<\/div>\n\t\t\t\t<\/div>\n\t\t\t\t\t<\/div>\n\t\t<\/div>\n\t\t\t\t\t\t\t<\/div>\n\t\t<\/section>\n\t\t\t\t<section class=\"elementor-section elementor-top-section elementor-element elementor-element-0499dde elementor-section-full_width elementor-section-height-default elementor-section-height-default\" data-id=\"0499dde\" data-element_type=\"section\">\n\t\t\t\t\t\t<div class=\"elementor-container elementor-column-gap-no\">\n\t\t\t\t\t<div class=\"elementor-column elementor-col-100 elementor-top-column elementor-element elementor-element-664b817\" data-id=\"664b817\" data-element_type=\"column\">\n\t\t\t<div class=\"elementor-widget-wrap elementor-element-populated\">\n\t\t\t\t\t\t\t\t<div class=\"elementor-element elementor-element-d3ca8b6 elementor-widget elementor-widget-bdevs-about\" data-id=\"d3ca8b6\" data-element_type=\"widget\" data-widget_type=\"bdevs-about.default\">\n\t\t\t\t<div class=\"elementor-widget-container\">\n\t\t\t\t\t<div class=\"about section-padding\" id=\"about\">\r\n\t        <div class=\"container\">\r\n\t            <div class=\"row\">\r\n\t                <div class=\"col-md-7\">\r\n\t                    <div class=\"section-title\">15 Years of Experience<\/div>\r\n\t                    <p>TWI Projects is an office specialized in Architecture Design, MEP Engineering studies and Safety Security controls on site.<\/p><p>Since almost 15 years, our experience has led us to design and carry out numerous constructions or conversion\/renovation projects like houses, apartments, and retails throughout Belgium and Luxembourg.<\/p><p>Whatever the goal, we will pay particular attention to the specific constraints and budget allocated to your project, always with respect for ecology and the concern for harmonious integration of the building constructed in its environment to face the challenges of tomorrow.<\/p>\t                <\/div>\r\n\t                <div class=\"col-md-5\">\r\n\t                    <div class=\"about-img\">\r\n\t                        <div class=\"img\"> <img decoding=\"async\" src=\"https:\/\/twi.archi\/wp-content\/uploads\/2023\/05\/Image-01.png\" class=\"img-fluid\" alt=\"\"> <\/div>\r\n\t                    <\/div>\r\n\t                <\/div>\r\n\t            <\/div>\r\n\t        <\/div>\r\n\t    <\/div>\r\n\t\t\t<\/div>\n\t\t\t\t<\/div>\n\t\t\t\t\t<\/div>\n\t\t<\/div>\n\t\t\t\t\t\t\t<\/div>\n\t\t<\/section>\n\t\t\t\t<section class=\"elementor-section elementor-top-section elementor-element elementor-element-f79ad24 elementor-section-full_width elementor-section-height-default elementor-section-height-default\" data-id=\"f79ad24\" data-element_type=\"section\">\n\t\t\t\t\t\t<div class=\"elementor-container elementor-column-gap-no\">\n\t\t\t\t\t<div class=\"elementor-column elementor-col-100 elementor-top-column elementor-element elementor-element-872c936\" data-id=\"872c936\" data-element_type=\"column\">\n\t\t\t<div class=\"elementor-widget-wrap elementor-element-populated\">\n\t\t\t\t\t\t\t\t<div class=\"elementor-element elementor-element-c33ac16 elementor-align-left elementor-widget elementor-widget-bdevs-testimonials\" data-id=\"c33ac16\" data-element_type=\"widget\" data-widget_type=\"bdevs-testimonials.default\">\n\t\t\t\t<div class=\"elementor-widget-container\">\n\t\t\t\t\t\t\t<div class=\"testimonials section-padding bg-img bg-fixed\" data-overlay-dark=\"5\" data-background=\"https:\/\/twi.archi\/wp-content\/uploads\/2022\/08\/ABOUT-US-1.jpg\">\r\n\t        <div class=\"container\">\r\n\t            <div class=\"row\">\r\n\t                <div class=\"owl-carousel owl-theme col-md-12\">\r\n\t                \t\t                    <div class=\"item-box\"><span class=\"quote\"><img decoding=\"async\" src=\"https:\/\/twi.archi\/wp-content\/themes\/savoye\/img\/quot.png\" alt=\"\"><\/span>\r\n\t                        <p>Meticulous architect attentive to the needs of his clients. TWI Projects is recommended for the design of your projects<\/p>\r\n\t                        <div class=\"info\">\r\n\t                            <div class=\"author-img\"> <img decoding=\"async\" src=\"\" alt=\"\"> <\/div>\r\n\t                            <div class=\"cont\">\r\n\t                                <h6>Pierre VERHELST<\/h6> <span>CEO-Founder of VERHELST ENGINEERING<\/span>\r\n\t                            <\/div>\r\n\t                        <\/div>\r\n\t                    <\/div>\r\n\t                \t\t                    <div class=\"item-box\"><span class=\"quote\"><img decoding=\"async\" src=\"https:\/\/twi.archi\/wp-content\/themes\/savoye\/img\/quot.png\" alt=\"\"><\/span>\r\n\t                        <p>Very good advice and attentive to everyone's desires, budget and realities. I highly recommend Thomas, who knows how to combine professionalism and the human side necessary to bring our projects to life !<\/p>\r\n\t                        <div class=\"info\">\r\n\t                            <div class=\"author-img\"> <img decoding=\"async\" src=\"\" alt=\"\"> <\/div>\r\n\t                            <div class=\"cont\">\r\n\t                                <h6>Guillaume ARNOULD<\/h6> <span><\/span>\r\n\t                            <\/div>\r\n\t                        <\/div>\r\n\t                    <\/div>\r\n\t                \t\t                    <div class=\"item-box\"><span class=\"quote\"><img decoding=\"async\" src=\"https:\/\/twi.archi\/wp-content\/themes\/savoye\/img\/quot.png\" alt=\"\"><\/span>\r\n\t                        <p>Very good follow-up of the works and very attentive to all my requests I strongly advise to call on these services.<\/p>\r\n\t                        <div class=\"info\">\r\n\t                            <div class=\"author-img\"> <img decoding=\"async\" src=\"\" alt=\"\"> <\/div>\r\n\t                            <div class=\"cont\">\r\n\t                                <h6>David DONCKERWOLKE<\/h6> <span><\/span>\r\n\t                            <\/div>\r\n\t                        <\/div>\r\n\t                    <\/div>\r\n\t                \t\t                    <div class=\"item-box\"><span class=\"quote\"><img decoding=\"async\" src=\"https:\/\/twi.archi\/wp-content\/themes\/savoye\/img\/quot.png\" alt=\"\"><\/span>\r\n\t                        <p>Architect understanding the needs and desires of his clients. A mastery of techniques and a perfect knowledge of the legislation in force. I called on his services to obtain building permits for the transformation of existing properties. A real success. One word: thank you!<\/p>\r\n\t                        <div class=\"info\">\r\n\t                            <div class=\"author-img\"> <img decoding=\"async\" src=\"\" alt=\"\"> <\/div>\r\n\t                            <div class=\"cont\">\r\n\t                                <h6>Moulay ROSON<\/h6> <span><\/span>\r\n\t                            <\/div>\r\n\t                        <\/div>\r\n\t                    <\/div>\r\n\t                \t\t                    <div class=\"item-box\"><span class=\"quote\"><img decoding=\"async\" src=\"https:\/\/twi.archi\/wp-content\/themes\/savoye\/img\/quot.png\" alt=\"\"><\/span>\r\n\t                        <p>For quality work, good advice and careful monitoring. Highly recommend! \nThank you again TWI Projects.<\/p>\r\n\t                        <div class=\"info\">\r\n\t                            <div class=\"author-img\"> <img decoding=\"async\" src=\"\" alt=\"\"> <\/div>\r\n\t                            <div class=\"cont\">\r\n\t                                <h6>Soraya LAHBIB<\/h6> <span><\/span>\r\n\t                            <\/div>\r\n\t                        <\/div>\r\n\t                    <\/div>\r\n\t                \t\t                    <div class=\"item-box\"><span class=\"quote\"><img decoding=\"async\" src=\"https:\/\/twi.archi\/wp-content\/themes\/savoye\/img\/quot.png\" alt=\"\"><\/span>\r\n\t                        <p>Realization of a covered terrace with awning screen. Serious work, magnificent result.<\/p>\r\n\t                        <div class=\"info\">\r\n\t                            <div class=\"author-img\"> <img decoding=\"async\" src=\"\" alt=\"\"> <\/div>\r\n\t                            <div class=\"cont\">\r\n\t                                <h6>Philippe ARNOULD<\/h6> <span><\/span>\r\n\t                            <\/div>\r\n\t                        <\/div>\r\n\t                    <\/div>\r\n\t                \t\t                    <div class=\"item-box\"><span class=\"quote\"><img decoding=\"async\" src=\"https:\/\/twi.archi\/wp-content\/themes\/savoye\/img\/quot.png\" alt=\"\"><\/span>\r\n\t                        <p>Trouve toujours des solutions, toujours de bon conseil et tr\u00e8s r\u00e9actif. Je recommande fortement.<\/p>\r\n\t                        <div class=\"info\">\r\n\t                            <div class=\"author-img\"> <img decoding=\"async\" src=\"\" alt=\"\"> <\/div>\r\n\t                            <div class=\"cont\">\r\n\t                                <h6>Filipe Gomes Pinto<\/h6> <span>g\u00e9rant de l\u2019entreprise ELITE RENOV<\/span>\r\n\t                            <\/div>\r\n\t                        <\/div>\r\n\t                    <\/div>\r\n\t                \t\t                    <div class=\"item-box\"><span class=\"quote\"><img decoding=\"async\" src=\"https:\/\/twi.archi\/wp-content\/themes\/savoye\/img\/quot.png\" alt=\"\"><\/span>\r\n\t                        <p>Tr\u00e8s pro. Tr\u00e8s r\u00e9actifs aux messages. Anticipation sur nos projets et projet d\u00e9j\u00e0 mont\u00e9 en 3D....beaucoup plus facile \u00e0 se projeter et on \u00e9vite les mauvaises surprises.<\/p>\r\n\t                        <div class=\"info\">\r\n\t                            <div class=\"author-img\"> <img decoding=\"async\" src=\"\" alt=\"\"> <\/div>\r\n\t                            <div class=\"cont\">\r\n\t                                <h6>Olivier KERYHUEL<\/h6> <span><\/span>\r\n\t                            <\/div>\r\n\t                        <\/div>\r\n\t                    <\/div>\r\n\t                \t\t                    <div class=\"item-box\"><span class=\"quote\"><img decoding=\"async\" src=\"https:\/\/twi.archi\/wp-content\/themes\/savoye\/img\/quot.png\" alt=\"\"><\/span>\r\n\t                        <p>Menuisier ayant d\u00e9j\u00e0 travailler avec cette personne. Tr\u00e8s professionnelle avec des projets bien structur\u00e9s et organis\u00e9s.<\/p>\r\n\t                        <div class=\"info\">\r\n\t                            <div class=\"author-img\"> <img decoding=\"async\" src=\"\" alt=\"\"> <\/div>\r\n\t                            <div class=\"cont\">\r\n\t                                <h6>Ricardo TORRES<\/h6> <span>g\u00e9rant de l\u2019entreprise RTO<\/span>\r\n\t                            <\/div>\r\n\t                        <\/div>\r\n\t                    <\/div>\r\n\t                \t\t                    <div class=\"item-box\"><span class=\"quote\"><img decoding=\"async\" src=\"https:\/\/twi.archi\/wp-content\/themes\/savoye\/img\/quot.png\" alt=\"\"><\/span>\r\n\t                        <p>Cet architecte a \u00e9t\u00e9 parfait. A l \u00e9coute, disponible et de tr\u00e8s bons conseils. Notre projet a pris forme suite aux diff\u00e9rentes rencontres avec lui. Il a vite compris ce que nous attendions et l\u2019a retransmis sur plan. Je conseille mille fois. MERCI TWI Projects.<\/p>\r\n\t                        <div class=\"info\">\r\n\t                            <div class=\"author-img\"> <img decoding=\"async\" src=\"\" alt=\"\"> <\/div>\r\n\t                            <div class=\"cont\">\r\n\t                                <h6>Billel BEN ALI<\/h6> <span>g\u00e9rant de la soci\u00e9t\u00e9 TASTY TACOS<\/span>\r\n\t                            <\/div>\r\n\t                        <\/div>\r\n\t                    <\/div>\r\n\t                \t\t                    <div class=\"item-box\"><span class=\"quote\"><img decoding=\"async\" src=\"https:\/\/twi.archi\/wp-content\/themes\/savoye\/img\/quot.png\" alt=\"\"><\/span>\r\n\t                        <p>Very serious person focusing on solutions and site monitoring.<\/p>\r\n\t                        <div class=\"info\">\r\n\t                            <div class=\"author-img\"> <img decoding=\"async\" src=\"\" alt=\"\"> <\/div>\r\n\t                            <div class=\"cont\">\r\n\t                                <h6>Arnaud PELECYN<\/h6> <span><\/span>\r\n\t                            <\/div>\r\n\t                        <\/div>\r\n\t                    <\/div>\r\n\t                \t\t                    <div class=\"item-box\"><span class=\"quote\"><img decoding=\"async\" src=\"https:\/\/twi.archi\/wp-content\/themes\/savoye\/img\/quot.png\" alt=\"\"><\/span>\r\n\t                        <p>Ils ont fait preuve d'une tr\u00e8s grande cr\u00e9ativit\u00e9, \u00e9coute, et bienveillance le tout dans une atmosph\u00e8re conviviale et chaleureuse. On a coutume de dire que faire des travaux est une corv\u00e9e, pour moi ce fut un v\u00e9ritable plaisir et je suis ravi du r\u00e9sultat.<\/p>\r\n\t                        <div class=\"info\">\r\n\t                            <div class=\"author-img\"> <img decoding=\"async\" src=\"\" alt=\"\"> <\/div>\r\n\t                            <div class=\"cont\">\r\n\t                                <h6>Sebahattin SAHIN<\/h6> <span>g\u00e9rant de l\u2019entreprise BENDESI<\/span>\r\n\t                            <\/div>\r\n\t                        <\/div>\r\n\t                    <\/div>\r\n\t                \t\t                    <div class=\"item-box\"><span class=\"quote\"><img decoding=\"async\" src=\"https:\/\/twi.archi\/wp-content\/themes\/savoye\/img\/quot.png\" alt=\"\"><\/span>\r\n\t                        <p>Tr\u00e8s professionnel, rigoureux et efficace. Avec un bon suivi du dossier. J'ai d\u00e9j\u00e0 travaill\u00e9 plusieurs fois avec et n'h\u00e9siterai pas \u00e0 le recommander !<\/p>\r\n\t                        <div class=\"info\">\r\n\t                            <div class=\"author-img\"> <img decoding=\"async\" src=\"\" alt=\"\"> <\/div>\r\n\t                            <div class=\"cont\">\r\n\t                                <h6>Julie NYS<\/h6> <span><\/span>\r\n\t                            <\/div>\r\n\t                        <\/div>\r\n\t                    <\/div>\r\n\t                \t\t                    <div class=\"item-box\"><span class=\"quote\"><img decoding=\"async\" src=\"https:\/\/twi.archi\/wp-content\/themes\/savoye\/img\/quot.png\" alt=\"\"><\/span>\r\n\t                        <p>Nous avons eu un super contact avec Mr Willem et le travail \u00e9tait tr\u00e8s pro tout en respectant bien les d\u00e9lais demand\u00e9s. Encore merci.<\/p>\r\n\t                        <div class=\"info\">\r\n\t                            <div class=\"author-img\"> <img decoding=\"async\" src=\"\" alt=\"\"> <\/div>\r\n\t                            <div class=\"cont\">\r\n\t                                <h6>Sarah DI LAURO<\/h6> <span><\/span>\r\n\t                            <\/div>\r\n\t                        <\/div>\r\n\t                    <\/div>\r\n\t                \t\t                    <div class=\"item-box\"><span class=\"quote\"><img decoding=\"async\" src=\"https:\/\/twi.archi\/wp-content\/themes\/savoye\/img\/quot.png\" alt=\"\"><\/span>\r\n\t                        <p>Tr\u00e8s professionnel, r\u00e9pond directement aux appels et messages. Ayant travaill\u00e9 sur plusieurs chantiers avec eux, je ne peux que vous les recommander.<\/p>\r\n\t                        <div class=\"info\">\r\n\t                            <div class=\"author-img\"> <img decoding=\"async\" src=\"\" alt=\"\"> <\/div>\r\n\t                            <div class=\"cont\">\r\n\t                                <h6>Aziz AIT LHADJ<\/h6> <span>g\u00e9rant de l\u2019entreprise CHAUFFA HOUSE<\/span>\r\n\t                            <\/div>\r\n\t                        <\/div>\r\n\t                    <\/div>\r\n\t                \t\t                <\/div>\r\n\t            <\/div>\r\n\t        <\/div>\r\n\t    <\/div>\r\n\t\t\t\t\t<\/div>\n\t\t\t\t<\/div>\n\t\t\t\t\t<\/div>\n\t\t<\/div>\n\t\t\t\t\t\t\t<\/div>\n\t\t<\/section>\n\t\t\t\t<section class=\"elementor-section elementor-top-section elementor-element elementor-element-8c5e976 elementor-section-full_width elementor-section-height-default elementor-section-height-default\" data-id=\"8c5e976\" data-element_type=\"section\">\n\t\t\t\t\t\t<div class=\"elementor-container elementor-column-gap-no\">\n\t\t\t\t\t<div class=\"elementor-column elementor-col-100 elementor-top-column elementor-element elementor-element-34ccf7e\" data-id=\"34ccf7e\" data-element_type=\"column\">\n\t\t\t<div class=\"elementor-widget-wrap elementor-element-populated\">\n\t\t\t\t\t\t\t\t<div class=\"elementor-element elementor-element-509fba3 elementor-align-left elementor-widget elementor-widget-bdevs-about\" data-id=\"509fba3\" data-element_type=\"widget\" data-widget_type=\"bdevs-about.default\">\n\t\t\t\t<div class=\"elementor-widget-container\">\n\t\t\t\t\t<div class=\"about section-padding\" id=\"about\">\r\n\t        <div class=\"container\">\r\n\t            <div class=\"row\">\r\n\t                <div class=\"col-md-7\">\r\n\t                    <div class=\"section-title\"><\/div>\r\n\t                    <div id=\"team\" class=\"team section-padding\">\n<div class=\"info\">\n<h6>Thomas WILLEMS<\/h6><span>\n\/ CEO-Founder<\/span>\n<br>\nTrained as a civil engineer and architect, Thomas Willems worked for Assar Architects for 3 years, in particular on the project of the new NATO headquarters, before spending 2 years training in engineering firms specializing in HVAC and MEP studies.<br><br>\n\nHe then set up on his own as an architect and engineer, working for over 5 years with the GH Group real estate group.<br>\n\nHe worked on a number of residential and commercial projects throughout Belgium.<br><br>\n\nIn 2022, he set up his own company, TWI Projects Srl, which offers its expertise to both private individuals and professionals in the sector.<br>\n\nFinally, since 2025, he has also offered his services as a real estate agent.<br>\n\nTogether with his team, he can offer you support from the initial sketch of your project right through to its eventual sale.\n\n<\/div>\n<\/div>\t                <\/div>\r\n\t                <div class=\"col-md-5\">\r\n\t                    <div class=\"about-img\">\r\n\t                        <div class=\"img\"> <img decoding=\"async\" src=\"https:\/\/twi.archi\/wp-content\/uploads\/2025\/02\/Photo-profil.jpeg\" class=\"img-fluid\" alt=\"\"> <\/div>\r\n\t                    <\/div>\r\n\t                <\/div>\r\n\t            <\/div>\r\n\t        <\/div>\r\n\t    <\/div>\r\n\t\t\t<\/div>\n\t\t\t\t<\/div>\n\t\t\t\t<div class=\"elementor-element elementor-element-83a59f8 elementor-align-left elementor-widget elementor-widget-bdevs-contact\" data-id=\"83a59f8\" data-element_type=\"widget\" data-widget_type=\"bdevs-contact.default\">\n\t\t\t\t<div class=\"elementor-widget-container\">\n\t\t\t\t\t<hr class=\"line-vr-section\">\r\n\t    <!-- Top Footer Banner -->\r\n\t    <div class=\"topbanner-footer\" id=\"contact\">\r\n\t        <div class=\"section-padding banner-img valign bg-img bg-fixed\" data-overlay-light=\"4\" data-background=\"https:\/\/twi.archi\/wp-content\/uploads\/2022\/08\/CONTACT-US-1.jpg\">\r\n\t            <div class=\"container\">\r\n\t            \t\t                <div class=\"row\">\r\n\t                    <div class=\"col-md-12 mb-30 text-left caption\">\r\n\t                        <div class=\"section-title\">CONTACT US<\/div>\r\n\t                    <\/div>\r\n\t                <\/div>\r\n\t            \t\t                <div class=\"row\">\r\n\t                \t\t                    <div class=\"col-md-4\">\r\n\t                        <h6>Phone<\/h6>\r\n\t                        <h5 class=\"mb-30\">+32 497 14 30 97<\/h5><p class=\"mb-30\">Monday - Friday: 9am - 6pm<\/p>\t                    <\/div>\r\n\t                    \t                    <div class=\"col-md-4\">\r\n\t                        <h6>Email<\/h6>\r\n\t                        <h5 class=\"mb-30\"><a href=\"mailto:info@twi.archi\">info@twi.archi<\/a><\/h5><p class=\"mb-30\"><strong>Main operating office :<\/strong> Chauss\u00e9e de Li\u00e8ge 624, 5100 Namur, Belgium<br \/><strong>Secondary operating office :<\/strong> Rue des Neuf Etangs 24, 5580 Rochefort Belgium<\/p>\t                    <\/div>\r\n\t                    \t                    <div class=\"col-md-3 offset-md-1\">\r\n\t                        <div class=\"vid-area\">\r\n\t                            <a class=\"play-button gallery-masonry-item-img-link d-block\" data-type=\"iframe\" data-fancybox=\"iframe\" href=\"https:\/\/www.google.com\/maps\/embed?pb=!1m18!1m12!1m3!1d4279.298286545382!2d4.904356177727613!3d50.46344917159466!2m3!1f0!2f0!3f0!3m2!1i1024!2i768!4f13.1!3m3!1m2!1s0x47c198e5674b2997%3A0x65ebc714610a29f3!2sChau.%20de%20Li%C3%A8ge%20624%2C%205100%20Namur%2C%20Belgique!5e1!3m2!1sfr!2sdk!4v1738228762196!5m2!1sfr!2sdk\" width=\"600\" height=\"450\" style=\"border:0;\" allowfullscreen=\"\" loading=\"lazy\" referrerpolicy=\"no-referrer-when-downgrade\">\r\n\t                                <svg class=\"circle-fill\">\r\n\t                                    <circle cx=\"43\" cy=\"43\" r=\"39\" stroke=\"#272727\" stroke-width=\"1\"><\/circle>\r\n\t                                <\/svg>\r\n\t                                <svg class=\"circle-track\">\r\n\t                                    <circle cx=\"43\" cy=\"43\" r=\"39\" stroke=\"none\" stroke-width=\"1\" fill=\"none\"><\/circle>\r\n\t                                <\/svg> <span class=\"polygon\"><i class=\"ti-location-pin\"><\/i><\/span> <\/a>\r\n\t                            <div class=\"cont mt-20 mb-30\">\r\n\t                                <h5>Our Location<\/h5>\r\n\t                            <\/div>\r\n\t                        <\/div>\r\n\t                    <\/div>\r\n\t                    \r\n\t                <\/div>\r\n\t            <\/div>\r\n\t        <\/div>\r\n\t    <\/div>\r\n\t\t\t<\/div>\n\t\t\t\t<\/div>\n\t\t\t\t\t<\/div>\n\t\t<\/div>\n\t\t\t\t\t\t\t<\/div>\n\t\t<\/section>\n\t\t\t\t\t\t<\/div>\n\t\t\t\t\t<\/div>\n\t\t","protected":false},"excerpt":{"rendered":"<p>About Us 15 Years of Experience TWI Projects is an office specialized in Architecture Design, MEP Engineering studies and Safety Security controls on site.Since almost 15 years, our experience has led us to design and carry out numerous constructions or conversion\/renovation projects like houses, apartments, and retails throughout Belgium and Luxembourg.Whatever the goal, we will [&hellip;]<\/p>\n","protected":false},"author":1,"featured_media":0,"parent":0,"menu_order":0,"comment_status":"closed","ping_status":"closed","template":"page-templates\/multi-dark.php","meta":{"ngg_post_thumbnail":0,"footnotes":""},"class_list":["post-735","page","type-page","status-publish","hentry"],"_links":{"self":[{"href":"https:\/\/twi.archi\/en\/wp-json\/wp\/v2\/pages\/735","targetHints":{"allow":["GET"]}}],"collection":[{"href":"https:\/\/twi.archi\/en\/wp-json\/wp\/v2\/pages"}],"about":[{"href":"https:\/\/twi.archi\/en\/wp-json\/wp\/v2\/types\/page"}],"author":[{"embeddable":true,"href":"https:\/\/twi.archi\/en\/wp-json\/wp\/v2\/users\/1"}],"replies":[{"embeddable":true,"href":"https:\/\/twi.archi\/en\/wp-json\/wp\/v2\/comments?post=735"}],"version-history":[{"count":83,"href":"https:\/\/twi.archi\/en\/wp-json\/wp\/v2\/pages\/735\/revisions"}],"predecessor-version":[{"id":6002,"href":"https:\/\/twi.archi\/en\/wp-json\/wp\/v2\/pages\/735\/revisions\/6002"}],"wp:attachment":[{"href":"https:\/\/twi.archi\/en\/wp-json\/wp\/v2\/media?parent=735"}],"curies":[{"name":"wp","href":"https:\/\/api.w.org\/{rel}","templated":true}]}}